{"id":33,"date":"2016-07-12T14:22:14","date_gmt":"2016-07-12T13:22:14","guid":{"rendered":"https:\/\/the7.io\/restaurant\/?page_id=33"},"modified":"2025-10-17T13:44:53","modified_gmt":"2025-10-17T11:44:53","slug":"masthead","status":"publish","type":"page","link":"https:\/\/rieslingvendeghaz.hu\/en\/masthead\/","title":{"rendered":"Impressum"},"content":{"rendered":"<style>.kb-row-layout-id33_48ceb0-86 > .kt-row-column-wrap{align-content:start;}:where(.kb-row-layout-id33_48ceb0-86 > .kt-row-column-wrap) > .wp-block-kadence-column{justify-content:start;}.kb-row-layout-id33_48ceb0-86 > .kt-row-column-wrap{column-gap:var(--global-kb-gap-md, 2rem);row-gap:var(--global-kb-gap-md, 2rem);max-width:var( --global-content-width, 1290px );padding-left:var(--global-content-edge-padding);padding-right:var(--global-content-edge-padding);padding-top:var(--global-kb-spacing-5xl, 10rem);padding-bottom:var(--global-kb-spacing-3xl, 6.5rem);grid-template-columns:minmax(0, calc(70% - ((var(--global-kb-gap-md, 2rem) * 1 )\/2)))minmax(0, calc(30% - ((var(--global-kb-gap-md, 2rem) * 1 )\/2)));}.kb-row-layout-id33_48ceb0-86{background-color:#fafaf9;}.kb-row-layout-id33_48ceb0-86 > .kt-row-layout-overlay{opacity:0.00;background-color:var(--global-palette5, #4A5568);}.kb-row-layout-id33_48ceb0-86 ,.kb-row-layout-id33_48ceb0-86 h1,.kb-row-layout-id33_48ceb0-86 h2,.kb-row-layout-id33_48ceb0-86 h3,.kb-row-layout-id33_48ceb0-86 h4,.kb-row-layout-id33_48ceb0-86 h5,.kb-row-layout-id33_48ceb0-86 h6{color:var(--global-palette3, #1A202C);}.kb-row-layout-id33_48ceb0-86 a{color:var(--global-palette4, #2D3748);}.kb-row-layout-id33_48ceb0-86 a:hover{color:var(--global-palette5, #4A5568);}@media all and (max-width: 1024px){.kb-row-layout-id33_48ceb0-86 > .kt-row-column-wrap{grid-template-columns:minmax(0, 1fr);}}@media all and (max-width: 767px){.kb-row-layout-id33_48ceb0-86 > .kt-row-column-wrap{grid-template-columns:minmax(0, 1fr);}}<\/style><div class=\"kb-row-layout-wrap kb-row-layout-id33_48ceb0-86 alignfull kt-row-has-bg wp-block-kadence-rowlayout\"><div class=\"kt-row-layout-overlay kt-row-overlay-normal\"><\/div><div class=\"kt-row-column-wrap kt-has-2-columns kt-row-layout-equal kt-tab-layout-row kt-mobile-layout-row kt-row-valign-top kb-theme-content-width\">\n<style>.kadence-column33_446ca1-38 > .kt-inside-inner-col,.kadence-column33_446ca1-38 > .kt-inside-inner-col:before{border-top-left-radius:0px;border-top-right-radius:0px;border-bottom-right-radius:0px;border-bottom-left-radius:0px;}.kadence-column33_446ca1-38 > .kt-inside-inner-col{column-gap:var(--global-kb-gap-sm, 1rem);}.kadence-column33_446ca1-38 > .kt-inside-inner-col{flex-direction:column;}.kadence-column33_446ca1-38 > .kt-inside-inner-col > .aligncenter{width:100%;}.kadence-column33_446ca1-38 > .kt-inside-inner-col:before{opacity:0.3;}.kadence-column33_446ca1-38{position:relative;}@media all and (max-width: 1024px){.kadence-column33_446ca1-38 > .kt-inside-inner-col{flex-direction:column;justify-content:center;}}@media all and (max-width: 767px){.kadence-column33_446ca1-38 > .kt-inside-inner-col{flex-direction:column;justify-content:center;}}<\/style>\n<div class=\"wp-block-kadence-column kadence-column33_446ca1-38\"><div class=\"kt-inside-inner-col\"><style>.wp-block-kadence-advancedheading.kt-adv-heading33_f7807a-39, .wp-block-kadence-advancedheading.kt-adv-heading33_f7807a-39[data-kb-block=\"kb-adv-heading33_f7807a-39\"]{font-style:normal;}.wp-block-kadence-advancedheading.kt-adv-heading33_f7807a-39 mark.kt-highlight, .wp-block-kadence-advancedheading.kt-adv-heading33_f7807a-39[data-kb-block=\"kb-adv-heading33_f7807a-39\"] mark.kt-highlight{font-style:normal;color:#f76a0c;-webkit-box-decoration-break:clone;box-decoration-break:clone;padding-top:0px;padding-right:0px;padding-bottom:0px;padding-left:0px;}<\/style>\n<h2 class=\"kt-adv-heading33_f7807a-39 wp-block-kadence-advancedheading\" data-kb-block=\"kb-adv-heading33_f7807a-39\">IMPRESUSE<\/h2>\n\n\n\n<p class=\"has-theme-palette-3-color has-text-color has-link-color wp-elements-df958bbb40ffa6a1382442b41f4493f4\">The website is operated and maintained by Vir\u00e1g Bartos.<\/p>\n\n\n\n<ul class=\"wp-block-list\">\n<li>Name: Bartos Vir\u00e1g<\/li>\n\n\n\n<li>Phone: +36 30 822 2297<\/li>\n\n\n\n<li>E-mail address: info@rieslingvendeghaz.hu<\/li>\n\n\n\n<li>TAx number: 91406013-1-33<\/li>\n\n\n\n<li>Address: 2634 Nagyb\u00f6rzs\u00f6ny, J\u00f3zsef Attila utca 16.<\/li>\n<\/ul>\n\n\n\n<p class=\"has-theme-palette-3-color has-text-color has-link-color wp-elements-2445a0a146ef88731f31adda53f48688\">Hosting:<\/p>\n\n\n\n<ul class=\"wp-block-list has--font-size\">\n<li>Name: T\u00e1rhely.Eu Kft.<\/li>\n\n\n\n<li>Company registration number: 01-09-909968<\/li>\n\n\n\n<li>Registered address: 1144 Budapest, Orm\u00e1ns\u00e1g utca 4. 10. em. 241.<\/li>\n\n\n\n<li>Mailing address: 1538 Budapest Pf.: 510<\/li>\n\n\n\n<li>Mail: gdpr@tarhely.eu<\/li>\n\n\n\n<li>Website: www.tarhely.eu<\/li>\n\n\n\n<li>Phone: +36 1 789 2 789<\/li>\n<\/ul>\n<\/div><\/div>\n\n\n<style>.kadence-column33_1d393f-37 > .kt-inside-inner-col,.kadence-column33_1d393f-37 > .kt-inside-inner-col:before{border-top-left-radius:0px;border-top-right-radius:0px;border-bottom-right-radius:0px;border-bottom-left-radius:0px;}.kadence-column33_1d393f-37 > .kt-inside-inner-col{column-gap:var(--global-kb-gap-sm, 1rem);}.kadence-column33_1d393f-37 > .kt-inside-inner-col{flex-direction:column;}.kadence-column33_1d393f-37 > .kt-inside-inner-col > .aligncenter{width:100%;}.kadence-column33_1d393f-37 > .kt-inside-inner-col:before{opacity:0.3;}.kadence-column33_1d393f-37{position:relative;}@media all and (max-width: 1024px){.kadence-column33_1d393f-37 > .kt-inside-inner-col{flex-direction:column;justify-content:center;}}@media all and (max-width: 767px){.kadence-column33_1d393f-37 > .kt-inside-inner-col{flex-direction:column;justify-content:center;}}<\/style>\n<div class=\"wp-block-kadence-column kadence-column33_1d393f-37\"><div class=\"kt-inside-inner-col\"><style>.kb-row-layout-id33_1106f9-f8 > .kt-row-column-wrap{align-content:start;}:where(.kb-row-layout-id33_1106f9-f8 > .kt-row-column-wrap) > .wp-block-kadence-column{justify-content:start;}.kb-row-layout-id33_1106f9-f8 > .kt-row-column-wrap{column-gap:var(--global-kb-gap-md, 2rem);row-gap:var(--global-kb-gap-md, 2rem);padding-top:0px;padding-right:0px;padding-bottom:0px;padding-left:0px;grid-template-columns:minmax(0, 1fr);}.kb-row-layout-id33_1106f9-f8 > .kt-row-layout-overlay{opacity:0.30;}@media all and (max-width: 1024px){.kb-row-layout-id33_1106f9-f8 > .kt-row-column-wrap{padding-right:var(--global-kb-spacing-4xl, 8rem);padding-left:var(--global-kb-spacing-4xl, 8rem);grid-template-columns:minmax(0, 1fr);}}@media all and (max-width: 767px){.kb-row-layout-id33_1106f9-f8 > .kt-row-column-wrap{padding-right:0px;padding-left:0px;grid-template-columns:minmax(0, 1fr);}}<\/style><div class=\"kb-row-layout-wrap kb-row-layout-id33_1106f9-f8 alignnone wp-block-kadence-rowlayout\"><div class=\"kt-row-column-wrap kt-has-1-columns kt-row-layout-equal kt-tab-layout-inherit kt-mobile-layout-row kt-row-valign-top\">\n<style>.kadence-column33_54e843-20 > .kt-inside-inner-col,.kadence-column33_54e843-20 > .kt-inside-inner-col:before{border-top-left-radius:0px;border-top-right-radius:0px;border-bottom-right-radius:0px;border-bottom-left-radius:0px;}.kadence-column33_54e843-20 > .kt-inside-inner-col{column-gap:var(--global-kb-gap-sm, 1rem);}.kadence-column33_54e843-20 > .kt-inside-inner-col{flex-direction:column;}.kadence-column33_54e843-20 > .kt-inside-inner-col > .aligncenter{width:100%;}.kadence-column33_54e843-20 > .kt-inside-inner-col:before{opacity:0.3;}.kadence-column33_54e843-20{position:relative;}@media all and (max-width: 1024px){.kadence-column33_54e843-20 > .kt-inside-inner-col{flex-direction:column;justify-content:center;}}@media all and (max-width: 767px){.kadence-column33_54e843-20 > .kt-inside-inner-col{flex-direction:column;justify-content:center;}}<\/style>\n<div class=\"wp-block-kadence-column kadence-column33_54e843-20\"><div class=\"kt-inside-inner-col\"><\/div><\/div>\n\n<\/div><\/div><\/div><\/div>\n\n<\/div><\/div>\n\n\n<p><\/p>","protected":false},"excerpt":{"rendered":"<p>IMPRESUSE This website is operated and maintained by Vir\u00e1g Bartos. Hosting:<\/p>","protected":false},"author":3,"featured_media":0,"parent":0,"menu_order":1,"comment_status":"closed","ping_status":"closed","template":"","meta":{"_kadence_starter_templates_imported_post":false,"_kad_post_transparent":"disable","_kad_post_title":"","_kad_post_layout":"","_kad_post_sidebar_id":"","_kad_post_content_style":"","_kad_post_vertical_padding":"","_kad_post_feature":"","_kad_post_feature_position":"","_kad_post_header":false,"_kad_post_footer":false,"footnotes":""},"class_list":["post-33","page","type-page","status-publish","hentry"],"yoast_head":"<!-- This site is optimized with the Yoast SEO Premium plugin v26.2 (Yoast SEO v26.5) - https:\/\/yoast.com\/wordpress\/plugins\/seo\/ -->\n<title>Impresszum - Riesling Vend\u00e9gh\u00e1z \u00e9s Pince<\/title>\n<meta name=\"robots\" content=\"index, follow, max-snippet:-1, max-image-preview:large, max-video-preview:-1\" \/>\n<link rel=\"canonical\" href=\"https:\/\/rieslingvendeghaz.hu\/en\/masthead\/\" \/>\n<meta property=\"og:locale\" content=\"en_GB\" \/>\n<meta property=\"og:type\" content=\"article\" \/>\n<meta property=\"og:title\" content=\"Impresszum\" \/>\n<meta property=\"og:description\" content=\"IMPRESSZUM A honlapot Bartos Vir\u00e1g \u00fczemelteti \u00e9s tartja fenn. T\u00e1rhelyszolg\u00e1ltat\u00f3:\" \/>\n<meta property=\"og:url\" content=\"https:\/\/rieslingvendeghaz.hu\/en\/masthead\/\" \/>\n<meta property=\"og:site_name\" content=\"Riesling Vend\u00e9gh\u00e1z \u00e9s Pince\" \/>\n<meta property=\"article:modified_time\" content=\"2025-10-17T11:44:53+00:00\" \/>\n<meta name=\"twitter:card\" content=\"summary_large_image\" \/>\n<meta name=\"twitter:label1\" content=\"Estimated reading time\" \/>\n\t<meta name=\"twitter:data1\" content=\"1 minute\" \/>\n<script type=\"application\/ld+json\" class=\"yoast-schema-graph\">{\"@context\":\"https:\/\/schema.org\",\"@graph\":[{\"@type\":\"WebPage\",\"@id\":\"https:\/\/rieslingvendeghaz.hu\/impresszum\/\",\"url\":\"https:\/\/rieslingvendeghaz.hu\/impresszum\/\",\"name\":\"Impresszum - Riesling Vend\u00e9gh\u00e1z \u00e9s Pince\",\"isPartOf\":{\"@id\":\"https:\/\/rieslingvendeghaz.hu\/#website\"},\"datePublished\":\"2016-07-12T13:22:14+00:00\",\"dateModified\":\"2025-10-17T11:44:53+00:00\",\"breadcrumb\":{\"@id\":\"https:\/\/rieslingvendeghaz.hu\/impresszum\/#breadcrumb\"},\"inLanguage\":\"en-GB\",\"potentialAction\":[{\"@type\":\"ReadAction\",\"target\":[\"https:\/\/rieslingvendeghaz.hu\/impresszum\/\"]}]},{\"@type\":\"BreadcrumbList\",\"@id\":\"https:\/\/rieslingvendeghaz.hu\/impresszum\/#breadcrumb\",\"itemListElement\":[{\"@type\":\"ListItem\",\"position\":1,\"name\":\"Kezd\u0151lap\",\"item\":\"https:\/\/rieslingvendeghaz.hu\/\"},{\"@type\":\"ListItem\",\"position\":2,\"name\":\"Impresszum\"}]},{\"@type\":\"WebSite\",\"@id\":\"https:\/\/rieslingvendeghaz.hu\/#website\",\"url\":\"https:\/\/rieslingvendeghaz.hu\/\",\"name\":\"Riesling Vend\u00e9gh\u00e1z \u00e9s Pince\",\"description\":\"Riesling Vend\u00e9gh\u00e1z \u00e9s Pince Nagyb\u00f6rzs\u00f6ny\",\"publisher\":{\"@id\":\"https:\/\/rieslingvendeghaz.hu\/#organization\"},\"potentialAction\":[{\"@type\":\"SearchAction\",\"target\":{\"@type\":\"EntryPoint\",\"urlTemplate\":\"https:\/\/rieslingvendeghaz.hu\/?s={search_term_string}\"},\"query-input\":{\"@type\":\"PropertyValueSpecification\",\"valueRequired\":true,\"valueName\":\"search_term_string\"}}],\"inLanguage\":\"en-GB\"},{\"@type\":\"Organization\",\"@id\":\"https:\/\/rieslingvendeghaz.hu\/#organization\",\"name\":\"Riesling Vend\u00e9gh\u00e1z \u00e9s Pince\",\"url\":\"https:\/\/rieslingvendeghaz.hu\/\",\"logo\":{\"@type\":\"ImageObject\",\"inLanguage\":\"en-GB\",\"@id\":\"https:\/\/rieslingvendeghaz.hu\/#\/schema\/logo\/image\/\",\"url\":\"https:\/\/rieslingvendeghaz.hu\/wp-content\/uploads\/2023\/04\/riesling-vendeghaz-es-pince-nagyborzsony-f-1.png\",\"contentUrl\":\"https:\/\/rieslingvendeghaz.hu\/wp-content\/uploads\/2023\/04\/riesling-vendeghaz-es-pince-nagyborzsony-f-1.png\",\"width\":319,\"height\":140,\"caption\":\"Riesling Vend\u00e9gh\u00e1z \u00e9s Pince\"},\"image\":{\"@id\":\"https:\/\/rieslingvendeghaz.hu\/#\/schema\/logo\/image\/\"}}]}<\/script>\n<!-- \/ Yoast SEO Premium plugin. -->","yoast_head_json":{"title":"About us - Riesling Guesthouse and Winery","robots":{"index":"index","follow":"follow","max-snippet":"max-snippet:-1","max-image-preview":"max-image-preview:large","max-video-preview":"max-video-preview:-1"},"canonical":"https:\/\/rieslingvendeghaz.hu\/en\/masthead\/","og_locale":"en_GB","og_type":"article","og_title":"Impresszum","og_description":"IMPRESSZUM A honlapot Bartos Vir\u00e1g \u00fczemelteti \u00e9s tartja fenn. T\u00e1rhelyszolg\u00e1ltat\u00f3:","og_url":"https:\/\/rieslingvendeghaz.hu\/en\/masthead\/","og_site_name":"Riesling Vend\u00e9gh\u00e1z \u00e9s Pince","article_modified_time":"2025-10-17T11:44:53+00:00","twitter_card":"summary_large_image","twitter_misc":{"Estimated reading time":"1 minute"},"schema":{"@context":"https:\/\/schema.org","@graph":[{"@type":"WebPage","@id":"https:\/\/rieslingvendeghaz.hu\/impresszum\/","url":"https:\/\/rieslingvendeghaz.hu\/impresszum\/","name":"About us - Riesling Guesthouse and Winery","isPartOf":{"@id":"https:\/\/rieslingvendeghaz.hu\/#website"},"datePublished":"2016-07-12T13:22:14+00:00","dateModified":"2025-10-17T11:44:53+00:00","breadcrumb":{"@id":"https:\/\/rieslingvendeghaz.hu\/impresszum\/#breadcrumb"},"inLanguage":"en-GB","potentialAction":[{"@type":"ReadAction","target":["https:\/\/rieslingvendeghaz.hu\/impresszum\/"]}]},{"@type":"BreadcrumbList","@id":"https:\/\/rieslingvendeghaz.hu\/impresszum\/#breadcrumb","itemListElement":[{"@type":"ListItem","position":1,"name":"Kezd\u0151lap","item":"https:\/\/rieslingvendeghaz.hu\/"},{"@type":"ListItem","position":2,"name":"Impresszum"}]},{"@type":"WebSite","@id":"https:\/\/rieslingvendeghaz.hu\/#website","url":"https:\/\/rieslingvendeghaz.hu\/","name":"Riesling Guesthouse and Cellar","description":"Riesling Guesthouse and Winery Nagyb\u00f6rzs\u00f6ny","publisher":{"@id":"https:\/\/rieslingvendeghaz.hu\/#organization"},"potentialAction":[{"@type":"SearchAction","target":{"@type":"EntryPoint","urlTemplate":"https:\/\/rieslingvendeghaz.hu\/?s={search_term_string}"},"query-input":{"@type":"PropertyValueSpecification","valueRequired":true,"valueName":"search_term_string"}}],"inLanguage":"en-GB"},{"@type":"Organization","@id":"https:\/\/rieslingvendeghaz.hu\/#organization","name":"Riesling Guesthouse and Cellar","url":"https:\/\/rieslingvendeghaz.hu\/","logo":{"@type":"ImageObject","inLanguage":"en-GB","@id":"https:\/\/rieslingvendeghaz.hu\/#\/schema\/logo\/image\/","url":"https:\/\/rieslingvendeghaz.hu\/wp-content\/uploads\/2023\/04\/riesling-vendeghaz-es-pince-nagyborzsony-f-1.png","contentUrl":"https:\/\/rieslingvendeghaz.hu\/wp-content\/uploads\/2023\/04\/riesling-vendeghaz-es-pince-nagyborzsony-f-1.png","width":319,"height":140,"caption":"Riesling Vend\u00e9gh\u00e1z \u00e9s Pince"},"image":{"@id":"https:\/\/rieslingvendeghaz.hu\/#\/schema\/logo\/image\/"}}]}},"_links":{"self":[{"href":"https:\/\/rieslingvendeghaz.hu\/en\/wp-json\/wp\/v2\/pages\/33","targetHints":{"allow":["GET"]}}],"collection":[{"href":"https:\/\/rieslingvendeghaz.hu\/en\/wp-json\/wp\/v2\/pages"}],"about":[{"href":"https:\/\/rieslingvendeghaz.hu\/en\/wp-json\/wp\/v2\/types\/page"}],"author":[{"embeddable":true,"href":"https:\/\/rieslingvendeghaz.hu\/en\/wp-json\/wp\/v2\/users\/3"}],"replies":[{"embeddable":true,"href":"https:\/\/rieslingvendeghaz.hu\/en\/wp-json\/wp\/v2\/comments?post=33"}],"version-history":[{"count":20,"href":"https:\/\/rieslingvendeghaz.hu\/en\/wp-json\/wp\/v2\/pages\/33\/revisions"}],"predecessor-version":[{"id":1449,"href":"https:\/\/rieslingvendeghaz.hu\/en\/wp-json\/wp\/v2\/pages\/33\/revisions\/1449"}],"wp:attachment":[{"href":"https:\/\/rieslingvendeghaz.hu\/en\/wp-json\/wp\/v2\/media?parent=33"}],"curies":[{"name":"wp","href":"https:\/\/api.w.org\/{rel}","templated":true}]}}